{"id":3230,"date":"2024-10-11T18:20:28","date_gmt":"2024-10-11T12:50:28","guid":{"rendered":"https:\/\/shengitech.com\/?page_id=3230"},"modified":"2025-02-12T10:15:11","modified_gmt":"2025-02-12T04:45:11","slug":"plantas-de-recuperacion-de-humos-de-acido","status":"publish","type":"page","link":"https:\/\/shengitech.com\/es\/all-products\/turnkey-projects-division\/acid-fumes-recovery-plants\/","title":{"rendered":"Plantas de Recuperaci\u00f3n de Humos \u00c1cidos"},"content":{"rendered":"<h1>Plantas de Recuperaci\u00f3n de Humos \u00c1cidos<\/h1>\n<p>\t\t\t\t\t\t\t\t\t\t\t\t\t\t\t<img loading=\"lazy\" decoding=\"async\" width=\"1280\" height=\"800\" src=\"https:\/\/shengitech.com\/wp-content\/uploads\/2024\/10\/Acid-Fumes-Recovery-Plants.jpg\" alt=\"\" srcset=\"https:\/\/shengitech.com\/wp-content\/uploads\/2024\/10\/Acid-Fumes-Recovery-Plants.jpg 1280w, https:\/\/shengitech.com\/wp-content\/uploads\/2024\/10\/Acid-Fumes-Recovery-Plants-300x188.jpg 300w, https:\/\/shengitech.com\/wp-content\/uploads\/2024\/10\/Acid-Fumes-Recovery-Plants-1024x640.jpg 1024w, https:\/\/shengitech.com\/wp-content\/uploads\/2024\/10\/Acid-Fumes-Recovery-Plants-768x480.jpg 768w\" sizes=\"auto, (max-width: 1280px) 100vw, 1280px\" \/>\t\t\t\t\t\t\t\t\t\t\t\t\t\t\t<\/p>\n<h2>Resumen<\/h2>\n<p>At <b>SH<\/b> <b>Engitech<\/b>, our core competencies lie in designing and delivering advanced <b>Acid<\/b> <b>Fumes <\/b><b>Recovery<\/b> <b>Plants<\/b> that optimize industrial efficiency and sustainability. Our systems are equipped with state-of-the-art <b>fume collection<\/b> technologies to capture harmful acid gases, while our effective <b>neutralization<\/b> <b>processes<\/b> use scrubbers and condensers to treat these fumes. We specialize in <b>acid<\/b> <b>recovery<\/b>, enabling industries to reuse valuable acids, such as hydrochloric and sulfuric acid, and significantly reduce operational costs.<\/p>\n<p>Our plants are designed with robust <b>emission<\/b> <b>control<\/b> features to ensure compliance with environmental regulations, safeguarding both the environment and workplace safety. By providing <b>cost-<\/b><b>efficient<\/b> solutions that minimize fresh acid consumption, SH Engitech contributes to more <b>sustainable<\/b> and eco-friendly operations across various industries, including steel processing, electroplating, pharmaceuticals, and semiconductor manufacturing.<\/p>\n<table id=\"uael-table-id-5e8294b\" data-sort-table=\"no\" data-show-entry=\"no\" data-searchable=\"no\" data-responsive=\"yes\">\n<thead>\n<tr>\n<th data-sort=\"0\" scope=\"col\">\n\t\t\t\t\t\t\t\t\t\t\t\t\t\t\t\t\t\t\t\t\t\t\t\t\t\t\t\t\t\t\t\t\t\tCARACTER\u00cdSTICAS\n\t\t\t\t\t\t<\/th>\n<th data-sort=\"1\" scope=\"col\">\n\t\t\t\t\t\t\t\t\t\t\t\t\t\t\t\t\t\t\t\t\t\t\t\t\t\t\t\t\t\t\t\t\t\tAPLICACIONES\n\t\t\t\t\t\t<\/th>\n<\/thead>\n<tbody>\n\t\t\t<!-- ROWS --><\/p>\n<tr data-entry=\"1\">\n<td data-title=\"FEATURES\">\n\t\t\t\t\t\t\t\t\t\t\t\t\t\t\t\t\t\t\t\t\t\t\t\t\t\t\t\t\t\t\t\t\t\t\t\t\tSistema de Captura de Humos\n\t\t\t\t\t\t\t\t\t\t\t\t\t<\/td>\n<td data-title=\"APPLICATIONS\">\n\t\t\t\t\t\t\t\t\t\t\t\t\t\t\t\t\t\t\t\t\t\t\t\t\t\t\t\t\t\t\t\t\t\t\t\t\tProcesamiento de Acero y Metal\n\t\t\t\t\t\t\t\t\t\t\t\t\t<\/td>\n<\/tr>\n<tr data-entry=\"2\">\n<td data-title=\"FEATURES\">\n\t\t\t\t\t\t\t\t\t\t\t\t\t\t\t\t\t\t\t\t\t\t\t\t\t\t\t\t\t\t\t\t\t\t\t\t\tProceso de neutralizaci\u00f3n\n\t\t\t\t\t\t\t\t\t\t\t\t\t<\/td>\n<td data-title=\"APPLICATIONS\">\n\t\t\t\t\t\t\t\t\t\t\t\t\t\t\t\t\t\t\t\t\t\t\t\t\t\t\t\t\t\t\t\t\t\t\t\t\tGalvanoplastia\n\t\t\t\t\t\t\t\t\t\t\t\t\t<\/td>\n<\/tr>\n<tr data-entry=\"3\">\n<td data-title=\"FEATURES\">\n\t\t\t\t\t\t\t\t\t\t\t\t\t\t\t\t\t\t\t\t\t\t\t\t\t\t\t\t\t\t\t\t\t\t\t\t\tRecuperaci\u00f3n de \u00e1cido\n\t\t\t\t\t\t\t\t\t\t\t\t\t<\/td>\n<td data-title=\"APPLICATIONS\">\n\t\t\t\t\t\t\t\t\t\t\t\t\t\t\t\t\t\t\t\t\t\t\t\t\t\t\t\t\t\t\t\t\t\t\t\t\tFabricaci\u00f3n de productos qu\u00edmicos\n\t\t\t\t\t\t\t\t\t\t\t\t\t<\/td>\n<\/tr>\n<tr data-entry=\"4\">\n<td data-title=\"FEATURES\">\n\t\t\t\t\t\t\t\t\t\t\t\t\t\t\t\t\t\t\t\t\t\t\t\t\t\t\t\t\t\t\t\t\t\t\t\t\tControl de emisiones\n\t\t\t\t\t\t\t\t\t\t\t\t\t<\/td>\n<td data-title=\"APPLICATIONS\">\n\t\t\t\t\t\t\t\t\t\t\t\t\t\t\t\t\t\t\t\t\t\t\t\t\t\t\t\t\t\t\t\t\t\t\t\t\tFarmac\u00e9uticos\n\t\t\t\t\t\t\t\t\t\t\t\t\t<\/td>\n<\/tr>\n<tr data-entry=\"5\">\n<td data-title=\"FEATURES\">\n\t\t\t\t\t\t\t\t\t\t\t\t\t\t\t\t\t\t\t\t\t\t\t\t\t\t\t\t\t\t\t\t\t\t\t\t\tCost Efficiency<br \/>\nSafety Enhancement\n\t\t\t\t\t\t\t\t\t\t\t\t\t<\/td>\n<td data-title=\"APPLICATIONS\">\n\t\t\t\t\t\t\t\t\t\t\t\t\t\t\t\t\t\t\t\t\t\t\t\t\t\t\t\t\t\t\t\t\t\t\t\t\tFabricaci\u00f3n de semiconductores\n\t\t\t\t\t\t\t\t\t\t\t\t\t<\/td>\n<\/tbody>\n<\/table>","protected":false},"excerpt":{"rendered":"<p>Acid Fumes Recovery Plants Overview At SH Engitech, our core competencies lie in designing and delivering advanced Acid Fumes Recovery Plants that optimize industrial efficiency and sustainability. Our systems are equipped with state-of-the-art fume collection technologies to capture harmful acid gases, while our effective neutralization processes use scrubbers and condensers to treat these fumes. We [&hellip;]<\/p>\n","protected":false},"author":1,"featured_media":3232,"parent":2588,"menu_order":2,"comment_status":"closed","ping_status":"closed","template":"","meta":{"_acf_changed":false,"footnotes":""},"class_list":["post-3230","page","type-page","status-publish","has-post-thumbnail","hentry"],"acf":[],"yoast_head":"<!-- This site is optimized with the Yoast SEO plugin v27.4 - https:\/\/yoast.com\/product\/yoast-seo-wordpress\/ -->\n<title>Acid Fumes Recovery Plants - SH Engitech<\/title>\n<meta name=\"robots\" content=\"index, follow, max-snippet:-1, max-image-preview:large, max-video-preview:-1\" \/>\n<link rel=\"canonical\" href=\"https:\/\/shengitech.com\/es\/todos-los-productos\/division-de-proyectos-llave-en-mano\/plantas-de-recuperacion-de-humos-de-acido\/\" \/>\n<meta property=\"og:locale\" content=\"es_ES\" \/>\n<meta property=\"og:type\" content=\"article\" \/>\n<meta property=\"og:title\" content=\"Acid Fumes Recovery Plants - SH Engitech\" \/>\n<meta property=\"og:description\" content=\"Acid Fumes Recovery Plants Overview At SH Engitech, our core competencies lie in designing and delivering advanced Acid Fumes Recovery Plants that optimize industrial efficiency and sustainability. Our systems are equipped with state-of-the-art fume collection technologies to capture harmful acid gases, while our effective neutralization processes use scrubbers and condensers to treat these fumes. We [&hellip;]\" \/>\n<meta property=\"og:url\" content=\"https:\/\/shengitech.com\/es\/todos-los-productos\/division-de-proyectos-llave-en-mano\/plantas-de-recuperacion-de-humos-de-acido\/\" \/>\n<meta property=\"og:site_name\" content=\"SH Engitech\" \/>\n<meta property=\"article:modified_time\" content=\"2025-02-12T04:45:11+00:00\" \/>\n<meta property=\"og:image\" content=\"https:\/\/shengitech.com\/wp-content\/uploads\/2024\/10\/Acid-Fumes-Recovery-Plants.jpg\" \/>\n\t<meta property=\"og:image:width\" content=\"1280\" \/>\n\t<meta property=\"og:image:height\" content=\"800\" \/>\n\t<meta property=\"og:image:type\" content=\"image\/jpeg\" \/>\n<meta name=\"twitter:card\" content=\"summary_large_image\" \/>\n<meta name=\"twitter:label1\" content=\"Tiempo estimado de lectura\" \/>\n\t<meta name=\"twitter:data1\" content=\"1 minuto\" \/>\n<script type=\"application\/ld+json\" class=\"yoast-schema-graph\">{\"@context\":\"https:\\\/\\\/schema.org\",\"@graph\":[{\"@type\":\"WebPage\",\"@id\":\"https:\\\/\\\/shengitech.com\\\/all-products\\\/turnkey-projects-division\\\/acid-fumes-recovery-plants\\\/\",\"url\":\"https:\\\/\\\/shengitech.com\\\/all-products\\\/turnkey-projects-division\\\/acid-fumes-recovery-plants\\\/\",\"name\":\"Acid Fumes Recovery Plants - SH Engitech\",\"isPartOf\":{\"@id\":\"https:\\\/\\\/shengitech.com\\\/#website\"},\"primaryImageOfPage\":{\"@id\":\"https:\\\/\\\/shengitech.com\\\/all-products\\\/turnkey-projects-division\\\/acid-fumes-recovery-plants\\\/#primaryimage\"},\"image\":{\"@id\":\"https:\\\/\\\/shengitech.com\\\/all-products\\\/turnkey-projects-division\\\/acid-fumes-recovery-plants\\\/#primaryimage\"},\"thumbnailUrl\":\"https:\\\/\\\/shengitech.com\\\/wp-content\\\/uploads\\\/2024\\\/10\\\/Acid-Fumes-Recovery-Plants.jpg\",\"datePublished\":\"2024-10-11T12:50:28+00:00\",\"dateModified\":\"2025-02-12T04:45:11+00:00\",\"breadcrumb\":{\"@id\":\"https:\\\/\\\/shengitech.com\\\/all-products\\\/turnkey-projects-division\\\/acid-fumes-recovery-plants\\\/#breadcrumb\"},\"inLanguage\":\"es-CL\",\"potentialAction\":[{\"@type\":\"ReadAction\",\"target\":[\"https:\\\/\\\/shengitech.com\\\/all-products\\\/turnkey-projects-division\\\/acid-fumes-recovery-plants\\\/\"]}]},{\"@type\":\"ImageObject\",\"inLanguage\":\"es-CL\",\"@id\":\"https:\\\/\\\/shengitech.com\\\/all-products\\\/turnkey-projects-division\\\/acid-fumes-recovery-plants\\\/#primaryimage\",\"url\":\"https:\\\/\\\/shengitech.com\\\/wp-content\\\/uploads\\\/2024\\\/10\\\/Acid-Fumes-Recovery-Plants.jpg\",\"contentUrl\":\"https:\\\/\\\/shengitech.com\\\/wp-content\\\/uploads\\\/2024\\\/10\\\/Acid-Fumes-Recovery-Plants.jpg\",\"width\":1280,\"height\":800,\"caption\":\"Acid Fumes Recovery Plants\"},{\"@type\":\"BreadcrumbList\",\"@id\":\"https:\\\/\\\/shengitech.com\\\/all-products\\\/turnkey-projects-division\\\/acid-fumes-recovery-plants\\\/#breadcrumb\",\"itemListElement\":[{\"@type\":\"ListItem\",\"position\":1,\"name\":\"Home\",\"item\":\"https:\\\/\\\/shengitech.com\\\/\"},{\"@type\":\"ListItem\",\"position\":2,\"name\":\"All Products\",\"item\":\"https:\\\/\\\/shengitech.com\\\/?page_id=2356\"},{\"@type\":\"ListItem\",\"position\":3,\"name\":\"Turnkey Projects Division\",\"item\":\"https:\\\/\\\/shengitech.com\\\/?page_id=2588\"},{\"@type\":\"ListItem\",\"position\":4,\"name\":\"Acid Fumes Recovery Plants\"}]},{\"@type\":\"WebSite\",\"@id\":\"https:\\\/\\\/shengitech.com\\\/#website\",\"url\":\"https:\\\/\\\/shengitech.com\\\/\",\"name\":\"SH Engitech\",\"description\":\"\",\"publisher\":{\"@id\":\"https:\\\/\\\/shengitech.com\\\/#organization\"},\"potentialAction\":[{\"@type\":\"SearchAction\",\"target\":{\"@type\":\"EntryPoint\",\"urlTemplate\":\"https:\\\/\\\/shengitech.com\\\/?s={search_term_string}\"},\"query-input\":{\"@type\":\"PropertyValueSpecification\",\"valueRequired\":true,\"valueName\":\"search_term_string\"}}],\"inLanguage\":\"es-CL\"},{\"@type\":\"Organization\",\"@id\":\"https:\\\/\\\/shengitech.com\\\/#organization\",\"name\":\"SH Engitech\",\"url\":\"https:\\\/\\\/shengitech.com\\\/\",\"logo\":{\"@type\":\"ImageObject\",\"inLanguage\":\"es-CL\",\"@id\":\"https:\\\/\\\/shengitech.com\\\/#\\\/schema\\\/logo\\\/image\\\/\",\"url\":\"https:\\\/\\\/shengitech.com\\\/wp-content\\\/uploads\\\/2024\\\/06\\\/SH-ENGITECH-LOGO.png\",\"contentUrl\":\"https:\\\/\\\/shengitech.com\\\/wp-content\\\/uploads\\\/2024\\\/06\\\/SH-ENGITECH-LOGO.png\",\"width\":2436,\"height\":1245,\"caption\":\"SH Engitech\"},\"image\":{\"@id\":\"https:\\\/\\\/shengitech.com\\\/#\\\/schema\\\/logo\\\/image\\\/\"}}]}<\/script>\n<!-- \/ Yoast SEO plugin. -->","yoast_head_json":{"title":"Plantas de Recuperaci\u00f3n de Humos \u00c1cidos - SH Engitech","robots":{"index":"index","follow":"follow","max-snippet":"max-snippet:-1","max-image-preview":"max-image-preview:large","max-video-preview":"max-video-preview:-1"},"canonical":"https:\/\/shengitech.com\/es\/todos-los-productos\/division-de-proyectos-llave-en-mano\/plantas-de-recuperacion-de-humos-de-acido\/","og_locale":"es_ES","og_type":"article","og_title":"Acid Fumes Recovery Plants - SH Engitech","og_description":"Acid Fumes Recovery Plants Overview At SH Engitech, our core competencies lie in designing and delivering advanced Acid Fumes Recovery Plants that optimize industrial efficiency and sustainability. Our systems are equipped with state-of-the-art fume collection technologies to capture harmful acid gases, while our effective neutralization processes use scrubbers and condensers to treat these fumes. We [&hellip;]","og_url":"https:\/\/shengitech.com\/es\/todos-los-productos\/division-de-proyectos-llave-en-mano\/plantas-de-recuperacion-de-humos-de-acido\/","og_site_name":"SH Engitech","article_modified_time":"2025-02-12T04:45:11+00:00","og_image":[{"width":1280,"height":800,"url":"https:\/\/shengitech.com\/wp-content\/uploads\/2024\/10\/Acid-Fumes-Recovery-Plants.jpg","type":"image\/jpeg"}],"twitter_card":"summary_large_image","twitter_misc":{"Tiempo estimado de lectura":"1 minuto"},"schema":{"@context":"https:\/\/schema.org","@graph":[{"@type":"WebPage","@id":"https:\/\/shengitech.com\/all-products\/turnkey-projects-division\/acid-fumes-recovery-plants\/","url":"https:\/\/shengitech.com\/all-products\/turnkey-projects-division\/acid-fumes-recovery-plants\/","name":"Plantas de Recuperaci\u00f3n de Humos \u00c1cidos - SH Engitech","isPartOf":{"@id":"https:\/\/shengitech.com\/#website"},"primaryImageOfPage":{"@id":"https:\/\/shengitech.com\/all-products\/turnkey-projects-division\/acid-fumes-recovery-plants\/#primaryimage"},"image":{"@id":"https:\/\/shengitech.com\/all-products\/turnkey-projects-division\/acid-fumes-recovery-plants\/#primaryimage"},"thumbnailUrl":"https:\/\/shengitech.com\/wp-content\/uploads\/2024\/10\/Acid-Fumes-Recovery-Plants.jpg","datePublished":"2024-10-11T12:50:28+00:00","dateModified":"2025-02-12T04:45:11+00:00","breadcrumb":{"@id":"https:\/\/shengitech.com\/all-products\/turnkey-projects-division\/acid-fumes-recovery-plants\/#breadcrumb"},"inLanguage":"es-CL","potentialAction":[{"@type":"ReadAction","target":["https:\/\/shengitech.com\/all-products\/turnkey-projects-division\/acid-fumes-recovery-plants\/"]}]},{"@type":"ImageObject","inLanguage":"es-CL","@id":"https:\/\/shengitech.com\/all-products\/turnkey-projects-division\/acid-fumes-recovery-plants\/#primaryimage","url":"https:\/\/shengitech.com\/wp-content\/uploads\/2024\/10\/Acid-Fumes-Recovery-Plants.jpg","contentUrl":"https:\/\/shengitech.com\/wp-content\/uploads\/2024\/10\/Acid-Fumes-Recovery-Plants.jpg","width":1280,"height":800,"caption":"Acid Fumes Recovery Plants"},{"@type":"BreadcrumbList","@id":"https:\/\/shengitech.com\/all-products\/turnkey-projects-division\/acid-fumes-recovery-plants\/#breadcrumb","itemListElement":[{"@type":"ListItem","position":1,"name":"Home","item":"https:\/\/shengitech.com\/"},{"@type":"ListItem","position":2,"name":"All Products","item":"https:\/\/shengitech.com\/?page_id=2356"},{"@type":"ListItem","position":3,"name":"Turnkey Projects Division","item":"https:\/\/shengitech.com\/?page_id=2588"},{"@type":"ListItem","position":4,"name":"Acid Fumes Recovery Plants"}]},{"@type":"WebSite","@id":"https:\/\/shengitech.com\/#website","url":"https:\/\/shengitech.com\/","name":"SH Engitech","description":"","publisher":{"@id":"https:\/\/shengitech.com\/#organization"},"potentialAction":[{"@type":"SearchAction","target":{"@type":"EntryPoint","urlTemplate":"https:\/\/shengitech.com\/?s={search_term_string}"},"query-input":{"@type":"PropertyValueSpecification","valueRequired":true,"valueName":"search_term_string"}}],"inLanguage":"es-CL"},{"@type":"Organization","@id":"https:\/\/shengitech.com\/#organization","name":"SH Engitech","url":"https:\/\/shengitech.com\/","logo":{"@type":"ImageObject","inLanguage":"es-CL","@id":"https:\/\/shengitech.com\/#\/schema\/logo\/image\/","url":"https:\/\/shengitech.com\/wp-content\/uploads\/2024\/06\/SH-ENGITECH-LOGO.png","contentUrl":"https:\/\/shengitech.com\/wp-content\/uploads\/2024\/06\/SH-ENGITECH-LOGO.png","width":2436,"height":1245,"caption":"SH Engitech"},"image":{"@id":"https:\/\/shengitech.com\/#\/schema\/logo\/image\/"}}]}},"_links":{"self":[{"href":"https:\/\/shengitech.com\/es\/wp-json\/wp\/v2\/pages\/3230","targetHints":{"allow":["GET"]}}],"collection":[{"href":"https:\/\/shengitech.com\/es\/wp-json\/wp\/v2\/pages"}],"about":[{"href":"https:\/\/shengitech.com\/es\/wp-json\/wp\/v2\/types\/page"}],"author":[{"embeddable":true,"href":"https:\/\/shengitech.com\/es\/wp-json\/wp\/v2\/users\/1"}],"replies":[{"embeddable":true,"href":"https:\/\/shengitech.com\/es\/wp-json\/wp\/v2\/comments?post=3230"}],"version-history":[{"count":0,"href":"https:\/\/shengitech.com\/es\/wp-json\/wp\/v2\/pages\/3230\/revisions"}],"up":[{"embeddable":true,"href":"https:\/\/shengitech.com\/es\/wp-json\/wp\/v2\/pages\/2588"}],"wp:featuredmedia":[{"embeddable":true,"href":"https:\/\/shengitech.com\/es\/wp-json\/wp\/v2\/media\/3232"}],"wp:attachment":[{"href":"https:\/\/shengitech.com\/es\/wp-json\/wp\/v2\/media?parent=3230"}],"curies":[{"name":"wp","href":"https:\/\/api.w.org\/{rel}","templated":true}]}}