{"id":3242,"date":"2024-10-12T23:37:28","date_gmt":"2024-10-12T18:07:28","guid":{"rendered":"https:\/\/shengitech.com\/?page_id=3242"},"modified":"2025-02-12T10:14:08","modified_gmt":"2025-02-12T04:44:08","slug":"tecnologias-de-separacion","status":"publish","type":"page","link":"https:\/\/shengitech.com\/es\/all-products\/turnkey-projects-division\/separation-technologies\/","title":{"rendered":"Tecnolog\u00edas de Separaci\u00f3n"},"content":{"rendered":"<h1>Tecnolog\u00edas de Separaci\u00f3n<\/h1>\n<p>\t\t\t\t\t\t\t\t\t\t\t\t\t\t\t<img loading=\"lazy\" decoding=\"async\" width=\"454\" height=\"570\" src=\"https:\/\/shengitech.com\/wp-content\/uploads\/2024\/10\/Separation-Technologies.jpg\" alt=\"\" srcset=\"https:\/\/shengitech.com\/wp-content\/uploads\/2024\/10\/Separation-Technologies.jpg 454w, https:\/\/shengitech.com\/wp-content\/uploads\/2024\/10\/Separation-Technologies-239x300.jpg 239w\" sizes=\"auto, (max-width: 454px) 100vw, 454px\" \/>\t\t\t\t\t\t\t\t\t\t\t\t\t\t\t<\/p>\n<h2>Resumen<\/h2>\n<p>At <b>SH<\/b> <b>Engitech<\/b>, our top product offerings encompass a range of advanced separation technologies that are essential for optimizing industrial processes and enhancing product quality. Our solutions include <b>distillation<\/b>, which efficiently separates components based on boiling points for applications in oil refining and pharmaceuticals. Our <b>filtration<\/b> <b>systems<\/b> effectively remove solids from liquids, ensuring purity in water treatment and food processing.<\/p>\n<p>We also offer <b>membrane<\/b> <b>separation<\/b> technologies, utilizing selective permeability for efficient desalination and gas separation. Our <b>centrifugation<\/b> <b>solutions<\/b> harness centrifugal force for rapid solid-liquid and liquid-liquid separations, making them ideal for dairy processing and wastewater treatment. Additionally, our <b>absorption<\/b> <b>systems<\/b> are designed to remove contaminants from gases and liquids, while our <b>crystallization<\/b> <b>techniques<\/b> produce high-purity solids for industries like sugar production and pharmaceuticals. Lastly, our <b>extraction<\/b> <b>methods<\/b> allow for the efficient transfer of solutes between phases, enabling oil recovery and natural product isolation.<\/p>\n<p>With a commitment to innovation and sustainability, SH Engitech\u2019s separation technologies provide industries with reliable solutions to recover valuable components, comply with environmental regulations, and minimize waste, making us a trusted partner in the field.<\/p>\n<table id=\"uael-table-id-5e8294b\" data-sort-table=\"no\" data-show-entry=\"no\" data-searchable=\"no\" data-responsive=\"yes\">\n<thead>\n<tr>\n<th data-sort=\"0\" scope=\"col\">\n\t\t\t\t\t\t\t\t\t\t\t\t\t\t\t\t\t\t\t\t\t\t\t\t\t\t\t\t\t\t\t\t\t\tCARACTER\u00cdSTICAS\n\t\t\t\t\t\t<\/th>\n<th data-sort=\"1\" scope=\"col\">\n\t\t\t\t\t\t\t\t\t\t\t\t\t\t\t\t\t\t\t\t\t\t\t\t\t\t\t\t\t\t\t\t\t\tAPLICACIONES\n\t\t\t\t\t\t<\/th>\n<\/thead>\n<tbody>\n\t\t\t<!-- ROWS --><\/p>\n<tr data-entry=\"1\">\n<td data-title=\"FEATURES\">\n\t\t\t\t\t\t\t\t\t\t\t\t\t\t\t\t\t\t\t\t\t\t\t\t\t\t\t\t\t\t\t\t\t\t\t\t\tDestilaci\u00f3n\n\t\t\t\t\t\t\t\t\t\t\t\t\t<\/td>\n<td data-title=\"APPLICATIONS\">\n\t\t\t\t\t\t\t\t\t\t\t\t\t\t\t\t\t\t\t\t\t\t\t\t\t\t\t\t\t\t\t\t\t\t\t\t\tDesalinizaci\u00f3n\n\t\t\t\t\t\t\t\t\t\t\t\t\t<\/td>\n<\/tr>\n<tr data-entry=\"2\">\n<td data-title=\"FEATURES\">\n\t\t\t\t\t\t\t\t\t\t\t\t\t\t\t\t\t\t\t\t\t\t\t\t\t\t\t\t\t\t\t\t\t\t\t\t\tFiltraci\u00f3n\n\t\t\t\t\t\t\t\t\t\t\t\t\t<\/td>\n<td data-title=\"APPLICATIONS\">\n\t\t\t\t\t\t\t\t\t\t\t\t\t\t\t\t\t\t\t\t\t\t\t\t\t\t\t\t\t\t\t\t\t\t\t\t\tSeparaci\u00f3n de gases\n\t\t\t\t\t\t\t\t\t\t\t\t\t<\/td>\n<\/tr>\n<tr data-entry=\"3\">\n<td data-title=\"FEATURES\">\n\t\t\t\t\t\t\t\t\t\t\t\t\t\t\t\t\t\t\t\t\t\t\t\t\t\t\t\t\t\t\t\t\t\t\t\t\tSeparaci\u00f3n por membrana\n\t\t\t\t\t\t\t\t\t\t\t\t\t<\/td>\n<td data-title=\"APPLICATIONS\">\n\t\t\t\t\t\t\t\t\t\t\t\t\t\t\t\t\t\t\t\t\t\t\t\t\t\t\t\t\t\t\t\t\t\t\t\t\tAislamiento de productos naturales\n\t\t\t\t\t\t\t\t\t\t\t\t\t<\/td>\n<\/tr>\n<tr data-entry=\"4\">\n<td data-title=\"FEATURES\">\n\t\t\t\t\t\t\t\t\t\t\t\t\t\t\t\t\t\t\t\t\t\t\t\t\t\t\t\t\t\t\t\t\t\t\t\t\tCentrifugaci\u00f3n\n\t\t\t\t\t\t\t\t\t\t\t\t\t<\/td>\n<td data-title=\"APPLICATIONS\">\n\t\t\t\t\t\t\t\t\t\t\t\t\t\t\t\t\t\t\t\t\t\t\t\t\t\t\t\t\t\t\t\t\t\t\t\t\tRefinaci\u00f3n de petr\u00f3leo<br \/>\nFarmac\u00e9uticos\n\t\t\t\t\t\t\t\t\t\t\t\t\t<\/td>\n<\/tr>\n<tr data-entry=\"5\">\n<td data-title=\"FEATURES\">\n\t\t\t\t\t\t\t\t\t\t\t\t\t\t\t\t\t\t\t\t\t\t\t\t\t\t\t\t\t\t\t\t\t\t\t\t\tAbsorci\u00f3n\n\t\t\t\t\t\t\t\t\t\t\t\t\t<\/td>\n<td data-title=\"APPLICATIONS\">\n\t\t\t\t\t\t\t\t\t\t\t\t\t\t\t\t\t\t\t\t\t\t\t\t\t\t\t\t\t\t\t\t\t\t\t\t\tTratamiento del agua\n\t\t\t\t\t\t\t\t\t\t\t\t\t<\/td>\n<\/tbody>\n<\/table>","protected":false},"excerpt":{"rendered":"<p>Separation Technologies Overview At SH Engitech, our top product offerings encompass a range of advanced separation technologies that are essential for optimizing industrial processes and enhancing product quality. Our solutions include distillation, which efficiently separates components based on boiling points for applications in oil refining and pharmaceuticals. Our filtration systems effectively remove solids from liquids, [&hellip;]<\/p>\n","protected":false},"author":1,"featured_media":3232,"parent":2588,"menu_order":2,"comment_status":"closed","ping_status":"closed","template":"","meta":{"_acf_changed":false,"footnotes":""},"class_list":["post-3242","page","type-page","status-publish","has-post-thumbnail","hentry"],"acf":[],"yoast_head":"<!-- This site is optimized with the Yoast SEO plugin v27.4 - https:\/\/yoast.com\/product\/yoast-seo-wordpress\/ -->\n<title>Separation Technologies - SH Engitech<\/title>\n<meta name=\"robots\" content=\"index, follow, max-snippet:-1, max-image-preview:large, max-video-preview:-1\" \/>\n<link rel=\"canonical\" href=\"https:\/\/shengitech.com\/es\/todos-los-productos\/division-de-proyectos-llave-en-mano\/tecnologias-de-separacion\/\" \/>\n<meta property=\"og:locale\" content=\"es_ES\" \/>\n<meta property=\"og:type\" content=\"article\" \/>\n<meta property=\"og:title\" content=\"Separation Technologies - SH Engitech\" \/>\n<meta property=\"og:description\" content=\"Separation Technologies Overview At SH Engitech, our top product offerings encompass a range of advanced separation technologies that are essential for optimizing industrial processes and enhancing product quality. Our solutions include distillation, which efficiently separates components based on boiling points for applications in oil refining and pharmaceuticals. Our filtration systems effectively remove solids from liquids, [&hellip;]\" \/>\n<meta property=\"og:url\" content=\"https:\/\/shengitech.com\/es\/todos-los-productos\/division-de-proyectos-llave-en-mano\/tecnologias-de-separacion\/\" \/>\n<meta property=\"og:site_name\" content=\"SH Engitech\" \/>\n<meta property=\"article:modified_time\" content=\"2025-02-12T04:44:08+00:00\" \/>\n<meta property=\"og:image\" content=\"https:\/\/shengitech.com\/wp-content\/uploads\/2024\/10\/Acid-Fumes-Recovery-Plants.jpg\" \/>\n\t<meta property=\"og:image:width\" content=\"1280\" \/>\n\t<meta property=\"og:image:height\" content=\"800\" \/>\n\t<meta property=\"og:image:type\" content=\"image\/jpeg\" \/>\n<meta name=\"twitter:card\" content=\"summary_large_image\" \/>\n<meta name=\"twitter:label1\" content=\"Tiempo estimado de lectura\" \/>\n\t<meta name=\"twitter:data1\" content=\"1 minuto\" \/>\n<script type=\"application\/ld+json\" class=\"yoast-schema-graph\">{\"@context\":\"https:\\\/\\\/schema.org\",\"@graph\":[{\"@type\":\"WebPage\",\"@id\":\"https:\\\/\\\/shengitech.com\\\/all-products\\\/turnkey-projects-division\\\/separation-technologies\\\/\",\"url\":\"https:\\\/\\\/shengitech.com\\\/all-products\\\/turnkey-projects-division\\\/separation-technologies\\\/\",\"name\":\"Separation Technologies - SH Engitech\",\"isPartOf\":{\"@id\":\"https:\\\/\\\/shengitech.com\\\/#website\"},\"primaryImageOfPage\":{\"@id\":\"https:\\\/\\\/shengitech.com\\\/all-products\\\/turnkey-projects-division\\\/separation-technologies\\\/#primaryimage\"},\"image\":{\"@id\":\"https:\\\/\\\/shengitech.com\\\/all-products\\\/turnkey-projects-division\\\/separation-technologies\\\/#primaryimage\"},\"thumbnailUrl\":\"https:\\\/\\\/shengitech.com\\\/wp-content\\\/uploads\\\/2024\\\/10\\\/Acid-Fumes-Recovery-Plants.jpg\",\"datePublished\":\"2024-10-12T18:07:28+00:00\",\"dateModified\":\"2025-02-12T04:44:08+00:00\",\"breadcrumb\":{\"@id\":\"https:\\\/\\\/shengitech.com\\\/all-products\\\/turnkey-projects-division\\\/separation-technologies\\\/#breadcrumb\"},\"inLanguage\":\"es-CL\",\"potentialAction\":[{\"@type\":\"ReadAction\",\"target\":[\"https:\\\/\\\/shengitech.com\\\/all-products\\\/turnkey-projects-division\\\/separation-technologies\\\/\"]}]},{\"@type\":\"ImageObject\",\"inLanguage\":\"es-CL\",\"@id\":\"https:\\\/\\\/shengitech.com\\\/all-products\\\/turnkey-projects-division\\\/separation-technologies\\\/#primaryimage\",\"url\":\"https:\\\/\\\/shengitech.com\\\/wp-content\\\/uploads\\\/2024\\\/10\\\/Acid-Fumes-Recovery-Plants.jpg\",\"contentUrl\":\"https:\\\/\\\/shengitech.com\\\/wp-content\\\/uploads\\\/2024\\\/10\\\/Acid-Fumes-Recovery-Plants.jpg\",\"width\":1280,\"height\":800,\"caption\":\"Acid Fumes Recovery Plants\"},{\"@type\":\"BreadcrumbList\",\"@id\":\"https:\\\/\\\/shengitech.com\\\/all-products\\\/turnkey-projects-division\\\/separation-technologies\\\/#breadcrumb\",\"itemListElement\":[{\"@type\":\"ListItem\",\"position\":1,\"name\":\"Home\",\"item\":\"https:\\\/\\\/shengitech.com\\\/\"},{\"@type\":\"ListItem\",\"position\":2,\"name\":\"All Products\",\"item\":\"https:\\\/\\\/shengitech.com\\\/?page_id=2356\"},{\"@type\":\"ListItem\",\"position\":3,\"name\":\"Turnkey Projects Division\",\"item\":\"https:\\\/\\\/shengitech.com\\\/?page_id=2588\"},{\"@type\":\"ListItem\",\"position\":4,\"name\":\"Separation Technologies\"}]},{\"@type\":\"WebSite\",\"@id\":\"https:\\\/\\\/shengitech.com\\\/#website\",\"url\":\"https:\\\/\\\/shengitech.com\\\/\",\"name\":\"SH Engitech\",\"description\":\"\",\"publisher\":{\"@id\":\"https:\\\/\\\/shengitech.com\\\/#organization\"},\"potentialAction\":[{\"@type\":\"SearchAction\",\"target\":{\"@type\":\"EntryPoint\",\"urlTemplate\":\"https:\\\/\\\/shengitech.com\\\/?s={search_term_string}\"},\"query-input\":{\"@type\":\"PropertyValueSpecification\",\"valueRequired\":true,\"valueName\":\"search_term_string\"}}],\"inLanguage\":\"es-CL\"},{\"@type\":\"Organization\",\"@id\":\"https:\\\/\\\/shengitech.com\\\/#organization\",\"name\":\"SH Engitech\",\"url\":\"https:\\\/\\\/shengitech.com\\\/\",\"logo\":{\"@type\":\"ImageObject\",\"inLanguage\":\"es-CL\",\"@id\":\"https:\\\/\\\/shengitech.com\\\/#\\\/schema\\\/logo\\\/image\\\/\",\"url\":\"https:\\\/\\\/shengitech.com\\\/wp-content\\\/uploads\\\/2024\\\/06\\\/SH-ENGITECH-LOGO.png\",\"contentUrl\":\"https:\\\/\\\/shengitech.com\\\/wp-content\\\/uploads\\\/2024\\\/06\\\/SH-ENGITECH-LOGO.png\",\"width\":2436,\"height\":1245,\"caption\":\"SH Engitech\"},\"image\":{\"@id\":\"https:\\\/\\\/shengitech.com\\\/#\\\/schema\\\/logo\\\/image\\\/\"}}]}<\/script>\n<!-- \/ Yoast SEO plugin. -->","yoast_head_json":{"title":"Tecnolog\u00edas de separaci\u00f3n - SH Engitech","robots":{"index":"index","follow":"follow","max-snippet":"max-snippet:-1","max-image-preview":"max-image-preview:large","max-video-preview":"max-video-preview:-1"},"canonical":"https:\/\/shengitech.com\/es\/todos-los-productos\/division-de-proyectos-llave-en-mano\/tecnologias-de-separacion\/","og_locale":"es_ES","og_type":"article","og_title":"Separation Technologies - SH Engitech","og_description":"Separation Technologies Overview At SH Engitech, our top product offerings encompass a range of advanced separation technologies that are essential for optimizing industrial processes and enhancing product quality. Our solutions include distillation, which efficiently separates components based on boiling points for applications in oil refining and pharmaceuticals. Our filtration systems effectively remove solids from liquids, [&hellip;]","og_url":"https:\/\/shengitech.com\/es\/todos-los-productos\/division-de-proyectos-llave-en-mano\/tecnologias-de-separacion\/","og_site_name":"SH Engitech","article_modified_time":"2025-02-12T04:44:08+00:00","og_image":[{"width":1280,"height":800,"url":"https:\/\/shengitech.com\/wp-content\/uploads\/2024\/10\/Acid-Fumes-Recovery-Plants.jpg","type":"image\/jpeg"}],"twitter_card":"summary_large_image","twitter_misc":{"Tiempo estimado de lectura":"1 minuto"},"schema":{"@context":"https:\/\/schema.org","@graph":[{"@type":"WebPage","@id":"https:\/\/shengitech.com\/all-products\/turnkey-projects-division\/separation-technologies\/","url":"https:\/\/shengitech.com\/all-products\/turnkey-projects-division\/separation-technologies\/","name":"Tecnolog\u00edas de separaci\u00f3n - SH Engitech","isPartOf":{"@id":"https:\/\/shengitech.com\/#website"},"primaryImageOfPage":{"@id":"https:\/\/shengitech.com\/all-products\/turnkey-projects-division\/separation-technologies\/#primaryimage"},"image":{"@id":"https:\/\/shengitech.com\/all-products\/turnkey-projects-division\/separation-technologies\/#primaryimage"},"thumbnailUrl":"https:\/\/shengitech.com\/wp-content\/uploads\/2024\/10\/Acid-Fumes-Recovery-Plants.jpg","datePublished":"2024-10-12T18:07:28+00:00","dateModified":"2025-02-12T04:44:08+00:00","breadcrumb":{"@id":"https:\/\/shengitech.com\/all-products\/turnkey-projects-division\/separation-technologies\/#breadcrumb"},"inLanguage":"es-CL","potentialAction":[{"@type":"ReadAction","target":["https:\/\/shengitech.com\/all-products\/turnkey-projects-division\/separation-technologies\/"]}]},{"@type":"ImageObject","inLanguage":"es-CL","@id":"https:\/\/shengitech.com\/all-products\/turnkey-projects-division\/separation-technologies\/#primaryimage","url":"https:\/\/shengitech.com\/wp-content\/uploads\/2024\/10\/Acid-Fumes-Recovery-Plants.jpg","contentUrl":"https:\/\/shengitech.com\/wp-content\/uploads\/2024\/10\/Acid-Fumes-Recovery-Plants.jpg","width":1280,"height":800,"caption":"Acid Fumes Recovery Plants"},{"@type":"BreadcrumbList","@id":"https:\/\/shengitech.com\/all-products\/turnkey-projects-division\/separation-technologies\/#breadcrumb","itemListElement":[{"@type":"ListItem","position":1,"name":"Home","item":"https:\/\/shengitech.com\/"},{"@type":"ListItem","position":2,"name":"All Products","item":"https:\/\/shengitech.com\/?page_id=2356"},{"@type":"ListItem","position":3,"name":"Turnkey Projects Division","item":"https:\/\/shengitech.com\/?page_id=2588"},{"@type":"ListItem","position":4,"name":"Separation Technologies"}]},{"@type":"WebSite","@id":"https:\/\/shengitech.com\/#website","url":"https:\/\/shengitech.com\/","name":"SH Engitech","description":"","publisher":{"@id":"https:\/\/shengitech.com\/#organization"},"potentialAction":[{"@type":"SearchAction","target":{"@type":"EntryPoint","urlTemplate":"https:\/\/shengitech.com\/?s={search_term_string}"},"query-input":{"@type":"PropertyValueSpecification","valueRequired":true,"valueName":"search_term_string"}}],"inLanguage":"es-CL"},{"@type":"Organization","@id":"https:\/\/shengitech.com\/#organization","name":"SH Engitech","url":"https:\/\/shengitech.com\/","logo":{"@type":"ImageObject","inLanguage":"es-CL","@id":"https:\/\/shengitech.com\/#\/schema\/logo\/image\/","url":"https:\/\/shengitech.com\/wp-content\/uploads\/2024\/06\/SH-ENGITECH-LOGO.png","contentUrl":"https:\/\/shengitech.com\/wp-content\/uploads\/2024\/06\/SH-ENGITECH-LOGO.png","width":2436,"height":1245,"caption":"SH Engitech"},"image":{"@id":"https:\/\/shengitech.com\/#\/schema\/logo\/image\/"}}]}},"_links":{"self":[{"href":"https:\/\/shengitech.com\/es\/wp-json\/wp\/v2\/pages\/3242","targetHints":{"allow":["GET"]}}],"collection":[{"href":"https:\/\/shengitech.com\/es\/wp-json\/wp\/v2\/pages"}],"about":[{"href":"https:\/\/shengitech.com\/es\/wp-json\/wp\/v2\/types\/page"}],"author":[{"embeddable":true,"href":"https:\/\/shengitech.com\/es\/wp-json\/wp\/v2\/users\/1"}],"replies":[{"embeddable":true,"href":"https:\/\/shengitech.com\/es\/wp-json\/wp\/v2\/comments?post=3242"}],"version-history":[{"count":0,"href":"https:\/\/shengitech.com\/es\/wp-json\/wp\/v2\/pages\/3242\/revisions"}],"up":[{"embeddable":true,"href":"https:\/\/shengitech.com\/es\/wp-json\/wp\/v2\/pages\/2588"}],"wp:featuredmedia":[{"embeddable":true,"href":"https:\/\/shengitech.com\/es\/wp-json\/wp\/v2\/media\/3232"}],"wp:attachment":[{"href":"https:\/\/shengitech.com\/es\/wp-json\/wp\/v2\/media?parent=3242"}],"curies":[{"name":"wp","href":"https:\/\/api.w.org\/{rel}","templated":true}]}}