{"id":3281,"date":"2024-10-13T00:19:06","date_gmt":"2024-10-12T18:49:06","guid":{"rendered":"https:\/\/shengitech.com\/?page_id=3281"},"modified":"2026-04-07T12:46:39","modified_gmt":"2026-04-07T07:16:39","slug":"retrofitting-revamping-liquid-extraction-systems","status":"publish","type":"page","link":"https:\/\/shengitech.com\/es\/all-products\/services-division\/retrofitting-revamping-liquid-extraction-systems\/","title":{"rendered":"Modernizaci\u00f3n y Renovaci\u00f3n \u2013 Sistemas de Extracci\u00f3n L\u00edquida"},"content":{"rendered":"<h1>Modernizaci\u00f3n y Renovaci\u00f3n \u2013 Sistemas de Extracci\u00f3n L\u00edquida<\/h1>\n<p>\t\t\t\t\t\t\t\t\t\t\t\t\t\t\t<img loading=\"lazy\" decoding=\"async\" width=\"611\" height=\"473\" src=\"https:\/\/shengitech.com\/wp-content\/uploads\/2024\/10\/Retrofitting-Revamping-\u2013-Liquid-Extraction-Systems.jpg\" alt=\"\" srcset=\"https:\/\/shengitech.com\/wp-content\/uploads\/2024\/10\/Retrofitting-Revamping-\u2013-Liquid-Extraction-Systems.jpg 611w, https:\/\/shengitech.com\/wp-content\/uploads\/2024\/10\/Retrofitting-Revamping-\u2013-Liquid-Extraction-Systems-300x232.jpg 300w\" sizes=\"auto, (max-width: 611px) 100vw, 611px\" \/>\t\t\t\t\t\t\t\t\t\t\t\t\t\t\t<\/p>\n<h2>Resumen<\/h2>\n<p><b>SH<\/b> <b>Engitech\u2019s<\/b> specialized <b>Retrofitting<\/b> <b>&amp;<\/b><b> Revamping<\/b> <b>Servicios<\/b> <b>for<\/b> <b>Liquid <\/b><b>Extraction<\/b> <b>Systems<\/b> to enhance the performance, efficiency, and longevity of existing systems. Our team of experts assesses current equipment and processes to identify areas for improvement, integrating advanced technologies and optimized designs. Whether it\u2019s improving separation efficiency, reducing operational costs, or upgrading system controls, our solutions are tailored to meet industry standards and the specific needs of our clients. With a focus on sustainability and innovation, SH Engitech helps industries achieve superior operational outcomes through effective retrofitting and revamping of liquid extraction systems.<\/p>\n<table id=\"uael-table-id-5e8294b\" data-sort-table=\"no\" data-show-entry=\"no\" data-searchable=\"no\" data-responsive=\"yes\">\n<thead>\n<tr>\n<th data-sort=\"0\" scope=\"col\">\n\t\t\t\t\t\t\t\t\t\t\t\t\t\t\t\t\t\t\t\t\t\t\t\t\t\t\t\t\t\t\t\t\t\tCARACTER\u00cdSTICAS\n\t\t\t\t\t\t<\/th>\n<th data-sort=\"1\" scope=\"col\">\n\t\t\t\t\t\t\t\t\t\t\t\t\t\t\t\t\t\t\t\t\t\t\t\t\t\t\t\t\t\t\t\t\t\tAPLICACIONES\n\t\t\t\t\t\t<\/th>\n<\/thead>\n<tbody>\n\t\t\t<!-- ROWS --><\/p>\n<tr data-entry=\"1\">\n<td data-title=\"FEATURES\">\n\t\t\t\t\t\t\t\t\t\t\t\t\t\t\t\t\t\t\t\t\t\t\t\t\t\t\t\t\t\t\t\t\t\t\t\t\tPerformance Optimization\n\t\t\t\t\t\t\t\t\t\t\t\t\t<\/td>\n<td data-title=\"APPLICATIONS\">\n\t\t\t\t\t\t\t\t\t\t\t\t\t\t\t\t\t\t\t\t\t\t\t\t\t\t\t\t\t\t\t\t\t\t\t\t\tChemical Industry\n\t\t\t\t\t\t\t\t\t\t\t\t\t<\/td>\n<\/tr>\n<tr data-entry=\"2\">\n<td data-title=\"FEATURES\">\n\t\t\t\t\t\t\t\t\t\t\t\t\t\t\t\t\t\t\t\t\t\t\t\t\t\t\t\t\t\t\t\t\t\t\t\t\tAdvanced Technology Integration\n\t\t\t\t\t\t\t\t\t\t\t\t\t<\/td>\n<td data-title=\"APPLICATIONS\">\n\t\t\t\t\t\t\t\t\t\t\t\t\t\t\t\t\t\t\t\t\t\t\t\t\t\t\t\t\t\t\t\t\t\t\t\t\tAgrochemical Industry<br \/>\nTratamiento de aguas residuales<br \/>\nTextile and Dye Industry\n\t\t\t\t\t\t\t\t\t\t\t\t\t<\/td>\n<\/tr>\n<tr data-entry=\"3\">\n<td data-title=\"FEATURES\">\n\t\t\t\t\t\t\t\t\t\t\t\t\t\t\t\t\t\t\t\t\t\t\t\t\t\t\t\t\t\t\t\t\t\t\t\t\tSoluciones personalizadas<br \/>\nControl System Upgrades\n\t\t\t\t\t\t\t\t\t\t\t\t\t<\/td>\n<td data-title=\"APPLICATIONS\">\n\t\t\t\t\t\t\t\t\t\t\t\t\t\t\t\t\t\t\t\t\t\t\t\t\t\t\t\t\t\t\t\t\t\t\t\t\tFarmac\u00e9uticos<br \/>\nIndustria petroqu\u00edmica\n\t\t\t\t\t\t\t\t\t\t\t\t\t<\/td>\n<\/tr>\n<tr data-entry=\"4\">\n<td data-title=\"FEATURES\">\n\t\t\t\t\t\t\t\t\t\t\t\t\t\t\t\t\t\t\t\t\t\t\t\t\t\t\t\t\t\t\t\t\t\t\t\t\tImproved Separation Efficiency\n\t\t\t\t\t\t\t\t\t\t\t\t\t<\/td>\n<td data-title=\"APPLICATIONS\">\n\t\t\t\t\t\t\t\t\t\t\t\t\t\t\t\t\t\t\t\t\t\t\t\t\t\t\t\t\t\t\t\t\t\t\t\t\tFood and Beverage\n\t\t\t\t\t\t\t\t\t\t\t\t\t<\/td>\n<\/tbody>\n<\/table>","protected":false},"excerpt":{"rendered":"<p>Retrofitting &amp; Revamping \u2013 Liquid Extraction Systems Overview SH Engitech\u2019s specialized Retrofitting &amp; Revamping Services for Liquid Extraction Systems to enhance the performance, efficiency, and longevity of existing systems. Our team of experts assesses current equipment and processes to identify areas for improvement, integrating advanced technologies and optimized designs. Whether it\u2019s improving separation efficiency, reducing [&hellip;]<\/p>\n","protected":false},"author":1,"featured_media":3283,"parent":2598,"menu_order":0,"comment_status":"closed","ping_status":"closed","template":"","meta":{"_acf_changed":false,"footnotes":""},"class_list":["post-3281","page","type-page","status-publish","has-post-thumbnail","hentry"],"acf":[],"yoast_head":"<!-- This site is optimized with the Yoast SEO plugin v27.4 - https:\/\/yoast.com\/product\/yoast-seo-wordpress\/ -->\n<title>Retrofitting &amp; Revamping \u2013 Liquid Extraction Systems - SH Engitech<\/title>\n<meta name=\"robots\" content=\"index, follow, max-snippet:-1, max-image-preview:large, max-video-preview:-1\" \/>\n<link rel=\"canonical\" href=\"https:\/\/shengitech.com\/es\/todos-los-productos\/division-de-servicios\/retrofitting-revamping-liquid-extraction-systems\/\" \/>\n<meta property=\"og:locale\" content=\"es_ES\" \/>\n<meta property=\"og:type\" content=\"article\" \/>\n<meta property=\"og:title\" content=\"Retrofitting &amp; Revamping \u2013 Liquid Extraction Systems - SH Engitech\" \/>\n<meta property=\"og:description\" content=\"Retrofitting &amp; Revamping \u2013 Liquid Extraction Systems Overview SH Engitech\u2019s specialized Retrofitting &amp; Revamping Services for Liquid Extraction Systems to enhance the performance, efficiency, and longevity of existing systems. Our team of experts assesses current equipment and processes to identify areas for improvement, integrating advanced technologies and optimized designs. Whether it\u2019s improving separation efficiency, reducing [&hellip;]\" \/>\n<meta property=\"og:url\" content=\"https:\/\/shengitech.com\/es\/todos-los-productos\/division-de-servicios\/retrofitting-revamping-liquid-extraction-systems\/\" \/>\n<meta property=\"og:site_name\" content=\"SH Engitech\" \/>\n<meta property=\"article:modified_time\" content=\"2026-04-07T07:16:39+00:00\" \/>\n<meta property=\"og:image\" content=\"https:\/\/shengitech.com\/wp-content\/uploads\/2024\/10\/Retrofitting-Revamping-\u2013-Liquid-Extraction-Systems.jpg\" \/>\n\t<meta property=\"og:image:width\" content=\"611\" \/>\n\t<meta property=\"og:image:height\" content=\"473\" \/>\n\t<meta property=\"og:image:type\" content=\"image\/jpeg\" \/>\n<meta name=\"twitter:card\" content=\"summary_large_image\" \/>\n<meta name=\"twitter:label1\" content=\"Tiempo estimado de lectura\" \/>\n\t<meta name=\"twitter:data1\" content=\"1 minuto\" \/>\n<script type=\"application\/ld+json\" class=\"yoast-schema-graph\">{\"@context\":\"https:\\\/\\\/schema.org\",\"@graph\":[{\"@type\":\"WebPage\",\"@id\":\"https:\\\/\\\/shengitech.com\\\/all-products\\\/services-division\\\/retrofitting-revamping-liquid-extraction-systems\\\/\",\"url\":\"https:\\\/\\\/shengitech.com\\\/all-products\\\/services-division\\\/retrofitting-revamping-liquid-extraction-systems\\\/\",\"name\":\"Retrofitting & Revamping \u2013 Liquid Extraction Systems - SH Engitech\",\"isPartOf\":{\"@id\":\"https:\\\/\\\/shengitech.com\\\/#website\"},\"primaryImageOfPage\":{\"@id\":\"https:\\\/\\\/shengitech.com\\\/all-products\\\/services-division\\\/retrofitting-revamping-liquid-extraction-systems\\\/#primaryimage\"},\"image\":{\"@id\":\"https:\\\/\\\/shengitech.com\\\/all-products\\\/services-division\\\/retrofitting-revamping-liquid-extraction-systems\\\/#primaryimage\"},\"thumbnailUrl\":\"https:\\\/\\\/shengitech.com\\\/wp-content\\\/uploads\\\/2024\\\/10\\\/Retrofitting-Revamping-\u2013-Liquid-Extraction-Systems.jpg\",\"datePublished\":\"2024-10-12T18:49:06+00:00\",\"dateModified\":\"2026-04-07T07:16:39+00:00\",\"breadcrumb\":{\"@id\":\"https:\\\/\\\/shengitech.com\\\/all-products\\\/services-division\\\/retrofitting-revamping-liquid-extraction-systems\\\/#breadcrumb\"},\"inLanguage\":\"es-CL\",\"potentialAction\":[{\"@type\":\"ReadAction\",\"target\":[\"https:\\\/\\\/shengitech.com\\\/all-products\\\/services-division\\\/retrofitting-revamping-liquid-extraction-systems\\\/\"]}]},{\"@type\":\"ImageObject\",\"inLanguage\":\"es-CL\",\"@id\":\"https:\\\/\\\/shengitech.com\\\/all-products\\\/services-division\\\/retrofitting-revamping-liquid-extraction-systems\\\/#primaryimage\",\"url\":\"https:\\\/\\\/shengitech.com\\\/wp-content\\\/uploads\\\/2024\\\/10\\\/Retrofitting-Revamping-\u2013-Liquid-Extraction-Systems.jpg\",\"contentUrl\":\"https:\\\/\\\/shengitech.com\\\/wp-content\\\/uploads\\\/2024\\\/10\\\/Retrofitting-Revamping-\u2013-Liquid-Extraction-Systems.jpg\",\"width\":611,\"height\":473,\"caption\":\"Retrofitting & Revamping \u2013 Liquid Extraction Systems\"},{\"@type\":\"BreadcrumbList\",\"@id\":\"https:\\\/\\\/shengitech.com\\\/all-products\\\/services-division\\\/retrofitting-revamping-liquid-extraction-systems\\\/#breadcrumb\",\"itemListElement\":[{\"@type\":\"ListItem\",\"position\":1,\"name\":\"Home\",\"item\":\"https:\\\/\\\/shengitech.com\\\/\"},{\"@type\":\"ListItem\",\"position\":2,\"name\":\"All Products\",\"item\":\"https:\\\/\\\/shengitech.com\\\/?page_id=2356\"},{\"@type\":\"ListItem\",\"position\":3,\"name\":\"Services Division\",\"item\":\"https:\\\/\\\/shengitech.com\\\/?page_id=2598\"},{\"@type\":\"ListItem\",\"position\":4,\"name\":\"Retrofitting &#038; Revamping \u2013 Liquid Extraction Systems\"}]},{\"@type\":\"WebSite\",\"@id\":\"https:\\\/\\\/shengitech.com\\\/#website\",\"url\":\"https:\\\/\\\/shengitech.com\\\/\",\"name\":\"SH Engitech\",\"description\":\"\",\"publisher\":{\"@id\":\"https:\\\/\\\/shengitech.com\\\/#organization\"},\"potentialAction\":[{\"@type\":\"SearchAction\",\"target\":{\"@type\":\"EntryPoint\",\"urlTemplate\":\"https:\\\/\\\/shengitech.com\\\/?s={search_term_string}\"},\"query-input\":{\"@type\":\"PropertyValueSpecification\",\"valueRequired\":true,\"valueName\":\"search_term_string\"}}],\"inLanguage\":\"es-CL\"},{\"@type\":\"Organization\",\"@id\":\"https:\\\/\\\/shengitech.com\\\/#organization\",\"name\":\"SH Engitech\",\"url\":\"https:\\\/\\\/shengitech.com\\\/\",\"logo\":{\"@type\":\"ImageObject\",\"inLanguage\":\"es-CL\",\"@id\":\"https:\\\/\\\/shengitech.com\\\/#\\\/schema\\\/logo\\\/image\\\/\",\"url\":\"https:\\\/\\\/shengitech.com\\\/wp-content\\\/uploads\\\/2024\\\/06\\\/SH-ENGITECH-LOGO.png\",\"contentUrl\":\"https:\\\/\\\/shengitech.com\\\/wp-content\\\/uploads\\\/2024\\\/06\\\/SH-ENGITECH-LOGO.png\",\"width\":2436,\"height\":1245,\"caption\":\"SH Engitech\"},\"image\":{\"@id\":\"https:\\\/\\\/shengitech.com\\\/#\\\/schema\\\/logo\\\/image\\\/\"}}]}<\/script>\n<!-- \/ Yoast SEO plugin. -->","yoast_head_json":{"title":"Retrofitting & Revamping \u2013 Liquid Extraction Systems - SH Engitech","robots":{"index":"index","follow":"follow","max-snippet":"max-snippet:-1","max-image-preview":"max-image-preview:large","max-video-preview":"max-video-preview:-1"},"canonical":"https:\/\/shengitech.com\/es\/todos-los-productos\/division-de-servicios\/retrofitting-revamping-liquid-extraction-systems\/","og_locale":"es_ES","og_type":"article","og_title":"Retrofitting & Revamping \u2013 Liquid Extraction Systems - SH Engitech","og_description":"Retrofitting &amp; Revamping \u2013 Liquid Extraction Systems Overview SH Engitech\u2019s specialized Retrofitting &amp; Revamping Services for Liquid Extraction Systems to enhance the performance, efficiency, and longevity of existing systems. Our team of experts assesses current equipment and processes to identify areas for improvement, integrating advanced technologies and optimized designs. Whether it\u2019s improving separation efficiency, reducing [&hellip;]","og_url":"https:\/\/shengitech.com\/es\/todos-los-productos\/division-de-servicios\/retrofitting-revamping-liquid-extraction-systems\/","og_site_name":"SH Engitech","article_modified_time":"2026-04-07T07:16:39+00:00","og_image":[{"width":611,"height":473,"url":"https:\/\/shengitech.com\/wp-content\/uploads\/2024\/10\/Retrofitting-Revamping-\u2013-Liquid-Extraction-Systems.jpg","type":"image\/jpeg"}],"twitter_card":"summary_large_image","twitter_misc":{"Tiempo estimado de lectura":"1 minuto"},"schema":{"@context":"https:\/\/schema.org","@graph":[{"@type":"WebPage","@id":"https:\/\/shengitech.com\/all-products\/services-division\/retrofitting-revamping-liquid-extraction-systems\/","url":"https:\/\/shengitech.com\/all-products\/services-division\/retrofitting-revamping-liquid-extraction-systems\/","name":"Retrofitting & Revamping \u2013 Liquid Extraction Systems - SH Engitech","isPartOf":{"@id":"https:\/\/shengitech.com\/#website"},"primaryImageOfPage":{"@id":"https:\/\/shengitech.com\/all-products\/services-division\/retrofitting-revamping-liquid-extraction-systems\/#primaryimage"},"image":{"@id":"https:\/\/shengitech.com\/all-products\/services-division\/retrofitting-revamping-liquid-extraction-systems\/#primaryimage"},"thumbnailUrl":"https:\/\/shengitech.com\/wp-content\/uploads\/2024\/10\/Retrofitting-Revamping-\u2013-Liquid-Extraction-Systems.jpg","datePublished":"2024-10-12T18:49:06+00:00","dateModified":"2026-04-07T07:16:39+00:00","breadcrumb":{"@id":"https:\/\/shengitech.com\/all-products\/services-division\/retrofitting-revamping-liquid-extraction-systems\/#breadcrumb"},"inLanguage":"es-CL","potentialAction":[{"@type":"ReadAction","target":["https:\/\/shengitech.com\/all-products\/services-division\/retrofitting-revamping-liquid-extraction-systems\/"]}]},{"@type":"ImageObject","inLanguage":"es-CL","@id":"https:\/\/shengitech.com\/all-products\/services-division\/retrofitting-revamping-liquid-extraction-systems\/#primaryimage","url":"https:\/\/shengitech.com\/wp-content\/uploads\/2024\/10\/Retrofitting-Revamping-\u2013-Liquid-Extraction-Systems.jpg","contentUrl":"https:\/\/shengitech.com\/wp-content\/uploads\/2024\/10\/Retrofitting-Revamping-\u2013-Liquid-Extraction-Systems.jpg","width":611,"height":473,"caption":"Retrofitting & Revamping \u2013 Liquid Extraction Systems"},{"@type":"BreadcrumbList","@id":"https:\/\/shengitech.com\/all-products\/services-division\/retrofitting-revamping-liquid-extraction-systems\/#breadcrumb","itemListElement":[{"@type":"ListItem","position":1,"name":"Home","item":"https:\/\/shengitech.com\/"},{"@type":"ListItem","position":2,"name":"All Products","item":"https:\/\/shengitech.com\/?page_id=2356"},{"@type":"ListItem","position":3,"name":"Services Division","item":"https:\/\/shengitech.com\/?page_id=2598"},{"@type":"ListItem","position":4,"name":"Retrofitting &#038; Revamping \u2013 Liquid Extraction Systems"}]},{"@type":"WebSite","@id":"https:\/\/shengitech.com\/#website","url":"https:\/\/shengitech.com\/","name":"SH Engitech","description":"","publisher":{"@id":"https:\/\/shengitech.com\/#organization"},"potentialAction":[{"@type":"SearchAction","target":{"@type":"EntryPoint","urlTemplate":"https:\/\/shengitech.com\/?s={search_term_string}"},"query-input":{"@type":"PropertyValueSpecification","valueRequired":true,"valueName":"search_term_string"}}],"inLanguage":"es-CL"},{"@type":"Organization","@id":"https:\/\/shengitech.com\/#organization","name":"SH Engitech","url":"https:\/\/shengitech.com\/","logo":{"@type":"ImageObject","inLanguage":"es-CL","@id":"https:\/\/shengitech.com\/#\/schema\/logo\/image\/","url":"https:\/\/shengitech.com\/wp-content\/uploads\/2024\/06\/SH-ENGITECH-LOGO.png","contentUrl":"https:\/\/shengitech.com\/wp-content\/uploads\/2024\/06\/SH-ENGITECH-LOGO.png","width":2436,"height":1245,"caption":"SH Engitech"},"image":{"@id":"https:\/\/shengitech.com\/#\/schema\/logo\/image\/"}}]}},"_links":{"self":[{"href":"https:\/\/shengitech.com\/es\/wp-json\/wp\/v2\/pages\/3281","targetHints":{"allow":["GET"]}}],"collection":[{"href":"https:\/\/shengitech.com\/es\/wp-json\/wp\/v2\/pages"}],"about":[{"href":"https:\/\/shengitech.com\/es\/wp-json\/wp\/v2\/types\/page"}],"author":[{"embeddable":true,"href":"https:\/\/shengitech.com\/es\/wp-json\/wp\/v2\/users\/1"}],"replies":[{"embeddable":true,"href":"https:\/\/shengitech.com\/es\/wp-json\/wp\/v2\/comments?post=3281"}],"version-history":[{"count":1,"href":"https:\/\/shengitech.com\/es\/wp-json\/wp\/v2\/pages\/3281\/revisions"}],"predecessor-version":[{"id":8333,"href":"https:\/\/shengitech.com\/es\/wp-json\/wp\/v2\/pages\/3281\/revisions\/8333"}],"up":[{"embeddable":true,"href":"https:\/\/shengitech.com\/es\/wp-json\/wp\/v2\/pages\/2598"}],"wp:featuredmedia":[{"embeddable":true,"href":"https:\/\/shengitech.com\/es\/wp-json\/wp\/v2\/media\/3283"}],"wp:attachment":[{"href":"https:\/\/shengitech.com\/es\/wp-json\/wp\/v2\/media?parent=3281"}],"curies":[{"name":"wp","href":"https:\/\/api.w.org\/{rel}","templated":true}]}}